{"id":515,"date":"2021-01-24T12:27:26","date_gmt":"2021-01-24T11:27:26","guid":{"rendered":"http:\/\/sviluppo.zldesign.it\/roncodt\/?page_id=515"},"modified":"2022-10-28T17:12:27","modified_gmt":"2022-10-28T15:12:27","slug":"keller","status":"publish","type":"page","link":"https:\/\/roncodeitassi.it\/de\/keller\/","title":{"rendered":"Keller"},"content":{"rendered":"\t\t<div data-elementor-type=\"wp-page\" data-elementor-id=\"515\" class=\"elementor elementor-515 elementor-14\">\n\t\t\t\t\t\t<div class=\"elementor-inner\">\n\t\t\t\t<div class=\"elementor-section-wrap\">\n\t\t\t\t\t\t\t\t\t<section class=\"elementor-section elementor-top-section elementor-element elementor-element-0970906 elementor-section-full_width elementor-section-height-default elementor-section-height-default\" data-id=\"0970906\" data-element_type=\"section\">\n\t\t\t\t\t\t<div class=\"elementor-container elementor-column-gap-default\">\n\t\t\t\t\t\t\t<div class=\"elementor-row\">\n\t\t\t\t\t<div class=\"elementor-column elementor-col-100 elementor-top-column elementor-element elementor-element-f8297b1\" data-id=\"f8297b1\" data-element_type=\"column\">\n\t\t\t<div class=\"elementor-column-wrap elementor-element-populated\">\n\t\t\t\t\t\t\t<div class=\"elementor-widget-wrap\">\n\t\t\t\t\t\t<div class=\"elementor-element elementor-element-46e72b6 elementor--h-position-right elementor--v-position-bottom elementor-pagination-position-inside elementor-widget elementor-widget-slides\" data-id=\"46e72b6\" data-element_type=\"widget\" data-settings=\"{&quot;navigation&quot;:&quot;dots&quot;,&quot;autoplay_speed&quot;:99000,&quot;transition&quot;:&quot;fade&quot;,&quot;transition_speed&quot;:1500,&quot;autoplay&quot;:&quot;yes&quot;,&quot;pause_on_hover&quot;:&quot;yes&quot;,&quot;infinite&quot;:&quot;yes&quot;}\" data-widget_type=\"slides.default\">\n\t\t\t\t<div class=\"elementor-widget-container\">\n\t\t\t\t\t<div class=\"elementor-swiper\">\n\t\t\t<div class=\"elementor-slides-wrapper elementor-main-swiper swiper-container\" dir=\"ltr\" data-animation=\"fadeInUp\">\n\t\t\t\t<div class=\"swiper-wrapper elementor-slides\">\n\t\t\t\t\t\t\t\t\t\t<div class=\"elementor-repeater-item-bce3db1 swiper-slide\"><div class=\"swiper-slide-bg elementor-ken-burns elementor-ken-burns--in\"><\/div><div class=\"swiper-slide-inner\" ><div class=\"swiper-slide-contents\"><div class=\"elementor-slide-heading\">\"Gl\u00fcck, wie ein guter Wein, Es muss Schluck f\u00fcr Schluck verkostet werden\"<\/div><div class=\"elementor-slide-description\"><p>Ludwig Feuerbach (1804-1872)<\/p>\n<\/div><\/div><\/div><\/div>\t\t\t\t<\/div>\n\t\t\t\t\t\t\t<\/div>\n\t\t<\/div>\n\t\t\t\t<\/div>\n\t\t\t\t<\/div>\n\t\t\t\t\t\t<\/div>\n\t\t\t\t\t<\/div>\n\t\t<\/div>\n\t\t\t\t\t\t\t\t<\/div>\n\t\t\t\t\t<\/div>\n\t\t<\/section>\n\t\t\t\t<section class=\"elementor-section elementor-top-section elementor-element elementor-element-93aef0b elementor-section-boxed elementor-section-height-default elementor-section-height-default\" data-id=\"93aef0b\" data-element_type=\"section\">\n\t\t\t\t\t\t<div class=\"elementor-container elementor-column-gap-default\">\n\t\t\t\t\t\t\t<div class=\"elementor-row\">\n\t\t\t\t\t<div class=\"elementor-column elementor-col-100 elementor-top-column elementor-element elementor-element-e23d36e\" data-id=\"e23d36e\" data-element_type=\"column\">\n\t\t\t<div class=\"elementor-column-wrap elementor-element-populated\">\n\t\t\t\t\t\t\t<div class=\"elementor-widget-wrap\">\n\t\t\t\t\t\t<div class=\"elementor-element elementor-element-185d72d elementor-widget elementor-widget-heading\" data-id=\"185d72d\" data-element_type=\"widget\" data-widget_type=\"heading.default\">\n\t\t\t\t<div class=\"elementor-widget-container\">\n\t\t\t<h2 class=\"elementor-heading-title elementor-size-default\">Unser Weinkeller<\/h2>\t\t<\/div>\n\t\t\t\t<\/div>\n\t\t\t\t<div class=\"elementor-element elementor-element-a49ed2b elementor-widget-divider--view-line elementor-widget elementor-widget-divider\" data-id=\"a49ed2b\" data-element_type=\"widget\" data-widget_type=\"divider.default\">\n\t\t\t\t<div class=\"elementor-widget-container\">\n\t\t\t\t\t<div class=\"elementor-divider\">\n\t\t\t<span class=\"elementor-divider-separator\">\n\t\t\t\t\t\t<\/span>\n\t\t<\/div>\n\t\t\t\t<\/div>\n\t\t\t\t<\/div>\n\t\t\t\t<div class=\"elementor-element elementor-element-b48cca1 elementor-widget elementor-widget-text-editor\" data-id=\"b48cca1\" data-element_type=\"widget\" data-widget_type=\"text-editor.default\">\n\t\t\t\t<div class=\"elementor-widget-container\">\n\t\t\t\t\t\t\t\t<div class=\"elementor-text-editor elementor-clearfix\">\n\t\t\t\t<p>Es geh\u00f6rt zu unserer Unternehmensphilosophie dem Anbau und der Aufzucht unserer Rebst\u00f6cke besondere Aufmerksamkeit zu widmen und dabei konsequent Qualit\u00e4tskontrollen und Ertragsbegrenzungen durchzuf\u00fchren. Dadurch gelingt es uns im Wein die besondere Typizit\u00e4t der Trauben und des Bodens zum Ausdruck zu bringen. Mit Leidenschaft und kontinuierlichem Einsatz ist es uns gelungen bedeutende Ergebnisse zu erzielen und ein gro\u00dfes Ma\u00df an Zufriedenheit zu erlangen.<\/p>\n\t\t\t\t\t<\/div>\n\t\t\t\t\t\t<\/div>\n\t\t\t\t<\/div>\n\t\t\t\t\t\t<\/div>\n\t\t\t\t\t<\/div>\n\t\t<\/div>\n\t\t\t\t\t\t\t\t<\/div>\n\t\t\t\t\t<\/div>\n\t\t<\/section>\n\t\t\t\t<section class=\"elementor-section elementor-top-section elementor-element elementor-element-924ca8e elementor-section-boxed elementor-section-height-default elementor-section-height-default\" data-id=\"924ca8e\" data-element_type=\"section\">\n\t\t\t\t\t\t<div class=\"elementor-container elementor-column-gap-default\">\n\t\t\t\t\t\t\t<div class=\"elementor-row\">\n\t\t\t\t\t<div class=\"elementor-column elementor-col-100 elementor-top-column elementor-element elementor-element-22a82c5\" data-id=\"22a82c5\" data-element_type=\"column\">\n\t\t\t<div class=\"elementor-column-wrap elementor-element-populated\">\n\t\t\t\t\t\t\t<div class=\"elementor-widget-wrap\">\n\t\t\t\t\t\t<div class=\"elementor-element elementor-element-1db1455 elementor-widget elementor-widget-gallery\" data-id=\"1db1455\" data-element_type=\"widget\" data-settings=\"{&quot;columns_tablet&quot;:3,&quot;columns_mobile&quot;:2,&quot;gap&quot;:{&quot;unit&quot;:&quot;px&quot;,&quot;size&quot;:12,&quot;sizes&quot;:[]},&quot;lazyload&quot;:&quot;yes&quot;,&quot;gallery_layout&quot;:&quot;grid&quot;,&quot;columns&quot;:4,&quot;gap_tablet&quot;:{&quot;unit&quot;:&quot;px&quot;,&quot;size&quot;:10,&quot;sizes&quot;:[]},&quot;gap_mobile&quot;:{&quot;unit&quot;:&quot;px&quot;,&quot;size&quot;:10,&quot;sizes&quot;:[]},&quot;link_to&quot;:&quot;file&quot;,&quot;aspect_ratio&quot;:&quot;3:2&quot;,&quot;overlay_background&quot;:&quot;yes&quot;,&quot;content_hover_animation&quot;:&quot;fade-in&quot;}\" data-widget_type=\"gallery.default\">\n\t\t\t\t<div class=\"elementor-widget-container\">\n\t\t\t\t\t<div class=\"elementor-gallery__container\">\n\t\t\t\t\t\t\t<a class=\"e-gallery-item elementor-gallery-item elementor-animated-content\" href=\"https:\/\/roncodeitassi.it\/wp-content\/uploads\/2021\/01\/Ronco-dei-Tassi-Barriques.jpg\" data-elementor-open-lightbox=\"yes\" data-elementor-lightbox-slideshow=\"all-1db1455\" data-elementor-lightbox-title=\"Ronco dei Tassi Barriques\" e-action-hash=\"#elementor-action%3Aaction%3Dlightbox%26settings%3DeyJpZCI6Mjg2LCJ1cmwiOiJodHRwczpcL1wvcm9uY29kZWl0YXNzaS5pdFwvd3AtY29udGVudFwvdXBsb2Fkc1wvMjAyMVwvMDFcL1JvbmNvLWRlaS1UYXNzaS1CYXJyaXF1ZXMuanBnIiwic2xpZGVzaG93IjoiYWxsLTFkYjE0NTUifQ%3D%3D\">\n\t\t\t\t\t<div class=\"e-gallery-image elementor-gallery-item__image\" data-thumbnail=\"https:\/\/roncodeitassi.it\/wp-content\/uploads\/2021\/01\/Ronco-dei-Tassi-Barriques.jpg\" data-width=\"800\" data-height=\"1199\" alt=\"\" ><\/div>\n\t\t\t\t\t\t\t\t\t\t\t<div class=\"elementor-gallery-item__overlay\"><\/div>\n\t\t\t\t\t\t\t\t\t\t\t\t\t\t<\/a>\n\t\t\t\t\t\t\t<a class=\"e-gallery-item elementor-gallery-item elementor-animated-content\" href=\"https:\/\/roncodeitassi.it\/wp-content\/uploads\/2021\/01\/Ronco-dei-Tassi_Grappoli-025.jpg\" data-elementor-open-lightbox=\"yes\" data-elementor-lightbox-slideshow=\"all-1db1455\" data-elementor-lightbox-title=\"Ronco dei Tassi\" e-action-hash=\"#elementor-action%3Aaction%3Dlightbox%26settings%3DeyJpZCI6MjgyLCJ1cmwiOiJodHRwczpcL1wvcm9uY29kZWl0YXNzaS5pdFwvd3AtY29udGVudFwvdXBsb2Fkc1wvMjAyMVwvMDFcL1JvbmNvLWRlaS1UYXNzaV9HcmFwcG9saS0wMjUuanBnIiwic2xpZGVzaG93IjoiYWxsLTFkYjE0NTUifQ%3D%3D\">\n\t\t\t\t\t<div class=\"e-gallery-image elementor-gallery-item__image\" data-thumbnail=\"https:\/\/roncodeitassi.it\/wp-content\/uploads\/2021\/01\/Ronco-dei-Tassi_Grappoli-025.jpg\" data-width=\"600\" data-height=\"401\" alt=\"\" ><\/div>\n\t\t\t\t\t\t\t\t\t\t\t<div class=\"elementor-gallery-item__overlay\"><\/div>\n\t\t\t\t\t\t\t\t\t\t\t\t\t\t<\/a>\n\t\t\t\t\t\t\t<a class=\"e-gallery-item elementor-gallery-item elementor-animated-content\" href=\"https:\/\/roncodeitassi.it\/wp-content\/uploads\/2021\/01\/Ronco-dei-Tassi_Grappoli-048.jpg\" data-elementor-open-lightbox=\"yes\" data-elementor-lightbox-slideshow=\"all-1db1455\" data-elementor-lightbox-title=\"Ronco dei Tassi\" e-action-hash=\"#elementor-action%3Aaction%3Dlightbox%26settings%3DeyJpZCI6MjgzLCJ1cmwiOiJodHRwczpcL1wvcm9uY29kZWl0YXNzaS5pdFwvd3AtY29udGVudFwvdXBsb2Fkc1wvMjAyMVwvMDFcL1JvbmNvLWRlaS1UYXNzaV9HcmFwcG9saS0wNDguanBnIiwic2xpZGVzaG93IjoiYWxsLTFkYjE0NTUifQ%3D%3D\">\n\t\t\t\t\t<div class=\"e-gallery-image elementor-gallery-item__image\" data-thumbnail=\"https:\/\/roncodeitassi.it\/wp-content\/uploads\/2021\/01\/Ronco-dei-Tassi_Grappoli-048.jpg\" data-width=\"600\" data-height=\"401\" alt=\"\" ><\/div>\n\t\t\t\t\t\t\t\t\t\t\t<div class=\"elementor-gallery-item__overlay\"><\/div>\n\t\t\t\t\t\t\t\t\t\t\t\t\t\t<\/a>\n\t\t\t\t\t\t\t<a class=\"e-gallery-item elementor-gallery-item elementor-animated-content\" href=\"https:\/\/roncodeitassi.it\/wp-content\/uploads\/2021\/01\/Ronco-dei-Tassi_Grappoli-056.jpg\" data-elementor-open-lightbox=\"yes\" data-elementor-lightbox-slideshow=\"all-1db1455\" data-elementor-lightbox-title=\"Ronco dei Tassi\" e-action-hash=\"#elementor-action%3Aaction%3Dlightbox%26settings%3DeyJpZCI6Mjg0LCJ1cmwiOiJodHRwczpcL1wvcm9uY29kZWl0YXNzaS5pdFwvd3AtY29udGVudFwvdXBsb2Fkc1wvMjAyMVwvMDFcL1JvbmNvLWRlaS1UYXNzaV9HcmFwcG9saS0wNTYuanBnIiwic2xpZGVzaG93IjoiYWxsLTFkYjE0NTUifQ%3D%3D\">\n\t\t\t\t\t<div class=\"e-gallery-image elementor-gallery-item__image\" data-thumbnail=\"https:\/\/roncodeitassi.it\/wp-content\/uploads\/2021\/01\/Ronco-dei-Tassi_Grappoli-056.jpg\" data-width=\"600\" data-height=\"401\" alt=\"\" ><\/div>\n\t\t\t\t\t\t\t\t\t\t\t<div class=\"elementor-gallery-item__overlay\"><\/div>\n\t\t\t\t\t\t\t\t\t\t\t\t\t\t<\/a>\n\t\t\t\t\t\t\t<a class=\"e-gallery-item elementor-gallery-item elementor-animated-content\" href=\"https:\/\/roncodeitassi.it\/wp-content\/uploads\/2021\/01\/Ronco-dei-Tassi-Grapes-3.jpg\" data-elementor-open-lightbox=\"yes\" data-elementor-lightbox-slideshow=\"all-1db1455\" data-elementor-lightbox-title=\"Ronco dei Tassi Grapes 3\" e-action-hash=\"#elementor-action%3Aaction%3Dlightbox%26settings%3DeyJpZCI6Mjg3LCJ1cmwiOiJodHRwczpcL1wvcm9uY29kZWl0YXNzaS5pdFwvd3AtY29udGVudFwvdXBsb2Fkc1wvMjAyMVwvMDFcL1JvbmNvLWRlaS1UYXNzaS1HcmFwZXMtMy5qcGciLCJzbGlkZXNob3ciOiJhbGwtMWRiMTQ1NSJ9\">\n\t\t\t\t\t<div class=\"e-gallery-image elementor-gallery-item__image\" data-thumbnail=\"https:\/\/roncodeitassi.it\/wp-content\/uploads\/2021\/01\/Ronco-dei-Tassi-Grapes-3.jpg\" data-width=\"800\" data-height=\"534\" alt=\"\" ><\/div>\n\t\t\t\t\t\t\t\t\t\t\t<div class=\"elementor-gallery-item__overlay\"><\/div>\n\t\t\t\t\t\t\t\t\t\t\t\t\t\t<\/a>\n\t\t\t\t\t\t\t<a class=\"e-gallery-item elementor-gallery-item elementor-animated-content\" href=\"https:\/\/roncodeitassi.it\/wp-content\/uploads\/2021\/01\/Ronco-dei-Tassi-Harvest-3.jpg\" data-elementor-open-lightbox=\"yes\" data-elementor-lightbox-slideshow=\"all-1db1455\" data-elementor-lightbox-title=\"Ronco dei Tassi Harvest 3\" e-action-hash=\"#elementor-action%3Aaction%3Dlightbox%26settings%3DeyJpZCI6Mjg4LCJ1cmwiOiJodHRwczpcL1wvcm9uY29kZWl0YXNzaS5pdFwvd3AtY29udGVudFwvdXBsb2Fkc1wvMjAyMVwvMDFcL1JvbmNvLWRlaS1UYXNzaS1IYXJ2ZXN0LTMuanBnIiwic2xpZGVzaG93IjoiYWxsLTFkYjE0NTUifQ%3D%3D\">\n\t\t\t\t\t<div class=\"e-gallery-image elementor-gallery-item__image\" data-thumbnail=\"https:\/\/roncodeitassi.it\/wp-content\/uploads\/2021\/01\/Ronco-dei-Tassi-Harvest-3.jpg\" data-width=\"800\" data-height=\"534\" alt=\"\" ><\/div>\n\t\t\t\t\t\t\t\t\t\t\t<div class=\"elementor-gallery-item__overlay\"><\/div>\n\t\t\t\t\t\t\t\t\t\t\t\t\t\t<\/a>\n\t\t\t\t\t\t\t<a class=\"e-gallery-item elementor-gallery-item elementor-animated-content\" href=\"https:\/\/roncodeitassi.it\/wp-content\/uploads\/2021\/01\/Ronco-dei-Tassi-Harvest-4.jpg\" data-elementor-open-lightbox=\"yes\" data-elementor-lightbox-slideshow=\"all-1db1455\" data-elementor-lightbox-title=\"Ronco dei Tassi Harvest 4\" e-action-hash=\"#elementor-action%3Aaction%3Dlightbox%26settings%3DeyJpZCI6Mjg5LCJ1cmwiOiJodHRwczpcL1wvcm9uY29kZWl0YXNzaS5pdFwvd3AtY29udGVudFwvdXBsb2Fkc1wvMjAyMVwvMDFcL1JvbmNvLWRlaS1UYXNzaS1IYXJ2ZXN0LTQuanBnIiwic2xpZGVzaG93IjoiYWxsLTFkYjE0NTUifQ%3D%3D\">\n\t\t\t\t\t<div class=\"e-gallery-image elementor-gallery-item__image\" data-thumbnail=\"https:\/\/roncodeitassi.it\/wp-content\/uploads\/2021\/01\/Ronco-dei-Tassi-Harvest-4.jpg\" data-width=\"800\" data-height=\"534\" alt=\"\" ><\/div>\n\t\t\t\t\t\t\t\t\t\t\t<div class=\"elementor-gallery-item__overlay\"><\/div>\n\t\t\t\t\t\t\t\t\t\t\t\t\t\t<\/a>\n\t\t\t\t\t\t\t<a class=\"e-gallery-item elementor-gallery-item elementor-animated-content\" href=\"https:\/\/roncodeitassi.it\/wp-content\/uploads\/2021\/01\/Ronco-dei-Tassi-Harvest.jpg\" data-elementor-open-lightbox=\"yes\" data-elementor-lightbox-slideshow=\"all-1db1455\" data-elementor-lightbox-title=\"Ronco dei Tassi Harvest\" e-action-hash=\"#elementor-action%3Aaction%3Dlightbox%26settings%3DeyJpZCI6MjkwLCJ1cmwiOiJodHRwczpcL1wvcm9uY29kZWl0YXNzaS5pdFwvd3AtY29udGVudFwvdXBsb2Fkc1wvMjAyMVwvMDFcL1JvbmNvLWRlaS1UYXNzaS1IYXJ2ZXN0LmpwZyIsInNsaWRlc2hvdyI6ImFsbC0xZGIxNDU1In0%3D\">\n\t\t\t\t\t<div class=\"e-gallery-image elementor-gallery-item__image\" data-thumbnail=\"https:\/\/roncodeitassi.it\/wp-content\/uploads\/2021\/01\/Ronco-dei-Tassi-Harvest.jpg\" data-width=\"800\" data-height=\"534\" alt=\"\" ><\/div>\n\t\t\t\t\t\t\t\t\t\t\t<div class=\"elementor-gallery-item__overlay\"><\/div>\n\t\t\t\t\t\t\t\t\t\t\t\t\t\t<\/a>\n\t\t\t\t\t\t\t<a class=\"e-gallery-item elementor-gallery-item elementor-animated-content\" href=\"https:\/\/roncodeitassi.it\/wp-content\/uploads\/2021\/01\/Ronco-dei-Tassi_Grappoli-002.jpg\" data-elementor-open-lightbox=\"yes\" data-elementor-lightbox-slideshow=\"all-1db1455\" data-elementor-lightbox-title=\"Ronco dei Tassi\" e-action-hash=\"#elementor-action%3Aaction%3Dlightbox%26settings%3DeyJpZCI6MjkxLCJ1cmwiOiJodHRwczpcL1wvcm9uY29kZWl0YXNzaS5pdFwvd3AtY29udGVudFwvdXBsb2Fkc1wvMjAyMVwvMDFcL1JvbmNvLWRlaS1UYXNzaV9HcmFwcG9saS0wMDIuanBnIiwic2xpZGVzaG93IjoiYWxsLTFkYjE0NTUifQ%3D%3D\">\n\t\t\t\t\t<div class=\"e-gallery-image elementor-gallery-item__image\" data-thumbnail=\"https:\/\/roncodeitassi.it\/wp-content\/uploads\/2021\/01\/Ronco-dei-Tassi_Grappoli-002.jpg\" data-width=\"600\" data-height=\"401\" alt=\"\" ><\/div>\n\t\t\t\t\t\t\t\t\t\t\t<div class=\"elementor-gallery-item__overlay\"><\/div>\n\t\t\t\t\t\t\t\t\t\t\t\t\t\t<\/a>\n\t\t\t\t\t\t\t<a class=\"e-gallery-item elementor-gallery-item elementor-animated-content\" href=\"https:\/\/roncodeitassi.it\/wp-content\/uploads\/2021\/01\/Ronco-dei-Tassi_Grappoli-012.jpg\" data-elementor-open-lightbox=\"yes\" data-elementor-lightbox-slideshow=\"all-1db1455\" data-elementor-lightbox-title=\"Ronco dei Tassi\" e-action-hash=\"#elementor-action%3Aaction%3Dlightbox%26settings%3DeyJpZCI6MjkyLCJ1cmwiOiJodHRwczpcL1wvcm9uY29kZWl0YXNzaS5pdFwvd3AtY29udGVudFwvdXBsb2Fkc1wvMjAyMVwvMDFcL1JvbmNvLWRlaS1UYXNzaV9HcmFwcG9saS0wMTIuanBnIiwic2xpZGVzaG93IjoiYWxsLTFkYjE0NTUifQ%3D%3D\">\n\t\t\t\t\t<div class=\"e-gallery-image elementor-gallery-item__image\" data-thumbnail=\"https:\/\/roncodeitassi.it\/wp-content\/uploads\/2021\/01\/Ronco-dei-Tassi_Grappoli-012.jpg\" data-width=\"600\" data-height=\"401\" alt=\"\" ><\/div>\n\t\t\t\t\t\t\t\t\t\t\t<div class=\"elementor-gallery-item__overlay\"><\/div>\n\t\t\t\t\t\t\t\t\t\t\t\t\t\t<\/a>\n\t\t\t\t\t\t\t<a class=\"e-gallery-item elementor-gallery-item elementor-animated-content\" href=\"https:\/\/roncodeitassi.it\/wp-content\/uploads\/2021\/01\/Ronco-dei-Tassi_Grappoli-014.jpg\" data-elementor-open-lightbox=\"yes\" data-elementor-lightbox-slideshow=\"all-1db1455\" data-elementor-lightbox-title=\"Ronco dei Tassi\" e-action-hash=\"#elementor-action%3Aaction%3Dlightbox%26settings%3DeyJpZCI6MjkzLCJ1cmwiOiJodHRwczpcL1wvcm9uY29kZWl0YXNzaS5pdFwvd3AtY29udGVudFwvdXBsb2Fkc1wvMjAyMVwvMDFcL1JvbmNvLWRlaS1UYXNzaV9HcmFwcG9saS0wMTQuanBnIiwic2xpZGVzaG93IjoiYWxsLTFkYjE0NTUifQ%3D%3D\">\n\t\t\t\t\t<div class=\"e-gallery-image elementor-gallery-item__image\" data-thumbnail=\"https:\/\/roncodeitassi.it\/wp-content\/uploads\/2021\/01\/Ronco-dei-Tassi_Grappoli-014.jpg\" data-width=\"600\" data-height=\"401\" alt=\"\" ><\/div>\n\t\t\t\t\t\t\t\t\t\t\t<div class=\"elementor-gallery-item__overlay\"><\/div>\n\t\t\t\t\t\t\t\t\t\t\t\t\t\t<\/a>\n\t\t\t\t\t\t\t<a class=\"e-gallery-item elementor-gallery-item elementor-animated-content\" href=\"https:\/\/roncodeitassi.it\/wp-content\/uploads\/2021\/01\/Ronco-dei-Tassi_Grappoli-020.jpg\" data-elementor-open-lightbox=\"yes\" data-elementor-lightbox-slideshow=\"all-1db1455\" data-elementor-lightbox-title=\"Ronco dei Tassi\" e-action-hash=\"#elementor-action%3Aaction%3Dlightbox%26settings%3DeyJpZCI6Mjk0LCJ1cmwiOiJodHRwczpcL1wvcm9uY29kZWl0YXNzaS5pdFwvd3AtY29udGVudFwvdXBsb2Fkc1wvMjAyMVwvMDFcL1JvbmNvLWRlaS1UYXNzaV9HcmFwcG9saS0wMjAuanBnIiwic2xpZGVzaG93IjoiYWxsLTFkYjE0NTUifQ%3D%3D\">\n\t\t\t\t\t<div class=\"e-gallery-image elementor-gallery-item__image\" data-thumbnail=\"https:\/\/roncodeitassi.it\/wp-content\/uploads\/2021\/01\/Ronco-dei-Tassi_Grappoli-020.jpg\" data-width=\"600\" data-height=\"401\" alt=\"\" ><\/div>\n\t\t\t\t\t\t\t\t\t\t\t<div class=\"elementor-gallery-item__overlay\"><\/div>\n\t\t\t\t\t\t\t\t\t\t\t\t\t\t<\/a>\n\t\t\t\t\t<\/div>\n\t\t\t<\/div>\n\t\t\t\t<\/div>\n\t\t\t\t\t\t<\/div>\n\t\t\t\t\t<\/div>\n\t\t<\/div>\n\t\t\t\t\t\t\t\t<\/div>\n\t\t\t\t\t<\/div>\n\t\t<\/section>\n\t\t\t\t\t\t\t\t\t<\/div>\n\t\t\t<\/div>\n\t\t\t\t\t<\/div>\n\t\t","protected":false},"excerpt":{"rendered":"<p>&#8222;Gl\u00fcck, wie ein guter Wein, Es muss Schluck f\u00fcr Schluck verkostet werden&#8220; Ludwig Feuerbach (1804-1872) Unser Weinkeller Es geh\u00f6rt zu unserer Unternehmensphilosophie dem Anbau und der Aufzucht unserer Rebst\u00f6cke besondere Aufmerksamkeit zu widmen und dabei konsequent Qualit\u00e4tskontrollen und Ertragsbegrenzungen durchzuf\u00fchren. Dadurch gelingt es uns im Wein die besondere Typizit\u00e4t der Trauben und des Bodens zum [&hellip;]<\/p>\n","protected":false},"author":1,"featured_media":0,"parent":0,"menu_order":0,"comment_status":"closed","ping_status":"closed","template":"elementor_header_footer","meta":[],"_links":{"self":[{"href":"https:\/\/roncodeitassi.it\/de\/wp-json\/wp\/v2\/pages\/515"}],"collection":[{"href":"https:\/\/roncodeitassi.it\/de\/wp-json\/wp\/v2\/pages"}],"about":[{"href":"https:\/\/roncodeitassi.it\/de\/wp-json\/wp\/v2\/types\/page"}],"author":[{"embeddable":true,"href":"https:\/\/roncodeitassi.it\/de\/wp-json\/wp\/v2\/users\/1"}],"replies":[{"embeddable":true,"href":"https:\/\/roncodeitassi.it\/de\/wp-json\/wp\/v2\/comments?post=515"}],"version-history":[{"count":7,"href":"https:\/\/roncodeitassi.it\/de\/wp-json\/wp\/v2\/pages\/515\/revisions"}],"predecessor-version":[{"id":1050,"href":"https:\/\/roncodeitassi.it\/de\/wp-json\/wp\/v2\/pages\/515\/revisions\/1050"}],"wp:attachment":[{"href":"https:\/\/roncodeitassi.it\/de\/wp-json\/wp\/v2\/media?parent=515"}],"curies":[{"name":"wp","href":"https:\/\/api.w.org\/{rel}","templated":true}]}}