{"id":522,"date":"2021-01-24T17:58:33","date_gmt":"2021-01-24T16:58:33","guid":{"rendered":"http:\/\/sviluppo.zldesign.it\/roncodt\/?page_id=522"},"modified":"2022-10-28T17:13:03","modified_gmt":"2022-10-28T15:13:03","slug":"terrain","status":"publish","type":"page","link":"https:\/\/roncodeitassi.it\/de\/terrain\/","title":{"rendered":"Terrain"},"content":{"rendered":"\t\t<div data-elementor-type=\"wp-page\" data-elementor-id=\"522\" class=\"elementor elementor-522 elementor-16\">\n\t\t\t\t\t\t<div class=\"elementor-inner\">\n\t\t\t\t<div class=\"elementor-section-wrap\">\n\t\t\t\t\t\t\t\t\t<section class=\"elementor-section elementor-top-section elementor-element elementor-element-4c71aab elementor-section-full_width elementor-section-height-default elementor-section-height-default\" data-id=\"4c71aab\" data-element_type=\"section\">\n\t\t\t\t\t\t<div class=\"elementor-container elementor-column-gap-default\">\n\t\t\t\t\t\t\t<div class=\"elementor-row\">\n\t\t\t\t\t<div class=\"elementor-column elementor-col-100 elementor-top-column elementor-element elementor-element-83f4c0e\" data-id=\"83f4c0e\" data-element_type=\"column\">\n\t\t\t<div class=\"elementor-column-wrap elementor-element-populated\">\n\t\t\t\t\t\t\t<div class=\"elementor-widget-wrap\">\n\t\t\t\t\t\t<div class=\"elementor-element elementor-element-2068b7d elementor--h-position-center elementor--v-position-middle elementor-pagination-position-inside elementor-widget elementor-widget-slides\" data-id=\"2068b7d\" data-element_type=\"widget\" data-settings=\"{&quot;navigation&quot;:&quot;dots&quot;,&quot;autoplay_speed&quot;:99000,&quot;transition&quot;:&quot;fade&quot;,&quot;transition_speed&quot;:1500,&quot;autoplay&quot;:&quot;yes&quot;,&quot;pause_on_hover&quot;:&quot;yes&quot;,&quot;infinite&quot;:&quot;yes&quot;}\" data-widget_type=\"slides.default\">\n\t\t\t\t<div class=\"elementor-widget-container\">\n\t\t\t\t\t<div class=\"elementor-swiper\">\n\t\t\t<div class=\"elementor-slides-wrapper elementor-main-swiper swiper-container\" dir=\"ltr\" data-animation=\"fadeInUp\">\n\t\t\t\t<div class=\"swiper-wrapper elementor-slides\">\n\t\t\t\t\t\t\t\t\t\t<div class=\"elementor-repeater-item-bce3db1 swiper-slide\"><div class=\"swiper-slide-bg elementor-ken-burns elementor-ken-burns--in\"><\/div><div class=\"swiper-slide-inner\" ><div class=\"swiper-slide-contents\"><\/div><\/div><\/div><div class=\"elementor-repeater-item-e9d0e45 swiper-slide\"><div class=\"swiper-slide-bg elementor-ken-burns elementor-ken-burns--in\"><\/div><div class=\"swiper-slide-inner\" ><div class=\"swiper-slide-contents\"><\/div><\/div><\/div>\t\t\t\t<\/div>\n\t\t\t\t\t\t\t\t\t\t\t\t\t\t\t<div class=\"swiper-pagination\"><\/div>\n\t\t\t\t\t\t\t\t\t\t\t\t\t\t\t\t\t<\/div>\n\t\t<\/div>\n\t\t\t\t<\/div>\n\t\t\t\t<\/div>\n\t\t\t\t\t\t<\/div>\n\t\t\t\t\t<\/div>\n\t\t<\/div>\n\t\t\t\t\t\t\t\t<\/div>\n\t\t\t\t\t<\/div>\n\t\t<\/section>\n\t\t\t\t<section class=\"elementor-section elementor-top-section elementor-element elementor-element-65fed4a elementor-section-boxed elementor-section-height-default elementor-section-height-default\" data-id=\"65fed4a\" data-element_type=\"section\">\n\t\t\t\t\t\t<div class=\"elementor-container elementor-column-gap-default\">\n\t\t\t\t\t\t\t<div class=\"elementor-row\">\n\t\t\t\t\t<div class=\"elementor-column elementor-col-100 elementor-top-column elementor-element elementor-element-c1b1a4d\" data-id=\"c1b1a4d\" data-element_type=\"column\">\n\t\t\t<div class=\"elementor-column-wrap elementor-element-populated\">\n\t\t\t\t\t\t\t<div class=\"elementor-widget-wrap\">\n\t\t\t\t\t\t<div class=\"elementor-element elementor-element-4f2569d elementor-widget elementor-widget-heading\" data-id=\"4f2569d\" data-element_type=\"widget\" data-widget_type=\"heading.default\">\n\t\t\t\t<div class=\"elementor-widget-container\">\n\t\t\t<h2 class=\"elementor-heading-title elementor-size-default\">Das Terrain<\/h2>\t\t<\/div>\n\t\t\t\t<\/div>\n\t\t\t\t<div class=\"elementor-element elementor-element-1bae832 elementor-widget-divider--view-line elementor-widget elementor-widget-divider\" data-id=\"1bae832\" data-element_type=\"widget\" data-widget_type=\"divider.default\">\n\t\t\t\t<div class=\"elementor-widget-container\">\n\t\t\t\t\t<div class=\"elementor-divider\">\n\t\t\t<span class=\"elementor-divider-separator\">\n\t\t\t\t\t\t<\/span>\n\t\t<\/div>\n\t\t\t\t<\/div>\n\t\t\t\t<\/div>\n\t\t\t\t<div class=\"elementor-element elementor-element-a8a9fdf elementor-widget elementor-widget-text-editor\" data-id=\"a8a9fdf\" data-element_type=\"widget\" data-widget_type=\"text-editor.default\">\n\t\t\t\t<div class=\"elementor-widget-container\">\n\t\t\t\t\t\t\t\t<div class=\"elementor-text-editor elementor-clearfix\">\n\t\t\t\t<p>Ronco dei Tassi, ein Familien gef\u00fchrtes Unternehmen, in dem auch die beiden S\u00f6hne, Matteo und Enrico, aktiv t\u00e4tig.sind, erstreckt sich heute \u00fcber eine Fl\u00e4che von insgesamt 30 Hektar, wovon 18 ha f\u00fcr den Weinbau verwendet werden und der Rest aus W\u00e4ldern besteht. Dieses Verh\u00e4ltnis zwischen Rebfl\u00e4che und Wald, verbunden mit einer besonderen umweltfreundlichen Anbautechnik, erm\u00f6glicht einen \u00f6kologisch nachhaltigen Weinbau, der dem Schutz unserer Konsumenten dient und unserem wundersch\u00f6nen Land eine Zukunft sichert.<\/p>\n\t\t\t\t\t<\/div>\n\t\t\t\t\t\t<\/div>\n\t\t\t\t<\/div>\n\t\t\t\t\t\t<\/div>\n\t\t\t\t\t<\/div>\n\t\t<\/div>\n\t\t\t\t\t\t\t\t<\/div>\n\t\t\t\t\t<\/div>\n\t\t<\/section>\n\t\t\t\t<section class=\"elementor-section elementor-top-section elementor-element elementor-element-8f4427e elementor-section-boxed elementor-section-height-default elementor-section-height-default\" data-id=\"8f4427e\" data-element_type=\"section\">\n\t\t\t\t\t\t<div class=\"elementor-container elementor-column-gap-default\">\n\t\t\t\t\t\t\t<div class=\"elementor-row\">\n\t\t\t\t\t<div class=\"elementor-column elementor-col-100 elementor-top-column elementor-element elementor-element-5b83bd2\" data-id=\"5b83bd2\" data-element_type=\"column\">\n\t\t\t<div class=\"elementor-column-wrap elementor-element-populated\">\n\t\t\t\t\t\t\t<div class=\"elementor-widget-wrap\">\n\t\t\t\t\t\t<div class=\"elementor-element elementor-element-8d7bceb elementor-widget elementor-widget-gallery\" data-id=\"8d7bceb\" data-element_type=\"widget\" data-settings=\"{&quot;columns_tablet&quot;:3,&quot;columns_mobile&quot;:2,&quot;gap&quot;:{&quot;unit&quot;:&quot;px&quot;,&quot;size&quot;:12,&quot;sizes&quot;:[]},&quot;lazyload&quot;:&quot;yes&quot;,&quot;gallery_layout&quot;:&quot;grid&quot;,&quot;columns&quot;:4,&quot;gap_tablet&quot;:{&quot;unit&quot;:&quot;px&quot;,&quot;size&quot;:10,&quot;sizes&quot;:[]},&quot;gap_mobile&quot;:{&quot;unit&quot;:&quot;px&quot;,&quot;size&quot;:10,&quot;sizes&quot;:[]},&quot;link_to&quot;:&quot;file&quot;,&quot;aspect_ratio&quot;:&quot;3:2&quot;,&quot;overlay_background&quot;:&quot;yes&quot;,&quot;content_hover_animation&quot;:&quot;fade-in&quot;}\" data-widget_type=\"gallery.default\">\n\t\t\t\t<div class=\"elementor-widget-container\">\n\t\t\t\t\t<div class=\"elementor-gallery__container\">\n\t\t\t\t\t\t\t<a class=\"e-gallery-item elementor-gallery-item elementor-animated-content\" href=\"https:\/\/roncodeitassi.it\/wp-content\/uploads\/2021\/01\/Vigna_Inverno_028.jpg\" data-elementor-open-lightbox=\"yes\" data-elementor-lightbox-slideshow=\"all-8d7bceb\" data-elementor-lightbox-title=\"Ronco dei Tassi\" e-action-hash=\"#elementor-action%3Aaction%3Dlightbox%26settings%3DeyJpZCI6MjUzLCJ1cmwiOiJodHRwczpcL1wvcm9uY29kZWl0YXNzaS5pdFwvd3AtY29udGVudFwvdXBsb2Fkc1wvMjAyMVwvMDFcL1ZpZ25hX0ludmVybm9fMDI4LmpwZyIsInNsaWRlc2hvdyI6ImFsbC04ZDdiY2ViIn0%3D\">\n\t\t\t\t\t<div class=\"e-gallery-image elementor-gallery-item__image\" data-thumbnail=\"https:\/\/roncodeitassi.it\/wp-content\/uploads\/2021\/01\/Vigna_Inverno_028.jpg\" data-width=\"850\" data-height=\"568\" alt=\"\" ><\/div>\n\t\t\t\t\t\t\t\t\t\t\t<div class=\"elementor-gallery-item__overlay\"><\/div>\n\t\t\t\t\t\t\t\t\t\t\t\t\t\t<\/a>\n\t\t\t\t\t\t\t<a class=\"e-gallery-item elementor-gallery-item elementor-animated-content\" href=\"https:\/\/roncodeitassi.it\/wp-content\/uploads\/2021\/01\/Vigna_Inverno_029.jpg\" data-elementor-open-lightbox=\"yes\" data-elementor-lightbox-slideshow=\"all-8d7bceb\" data-elementor-lightbox-title=\"Ronco dei Tassi\" e-action-hash=\"#elementor-action%3Aaction%3Dlightbox%26settings%3DeyJpZCI6MjU0LCJ1cmwiOiJodHRwczpcL1wvcm9uY29kZWl0YXNzaS5pdFwvd3AtY29udGVudFwvdXBsb2Fkc1wvMjAyMVwvMDFcL1ZpZ25hX0ludmVybm9fMDI5LmpwZyIsInNsaWRlc2hvdyI6ImFsbC04ZDdiY2ViIn0%3D\">\n\t\t\t\t\t<div class=\"e-gallery-image elementor-gallery-item__image\" data-thumbnail=\"https:\/\/roncodeitassi.it\/wp-content\/uploads\/2021\/01\/Vigna_Inverno_029.jpg\" data-width=\"850\" data-height=\"568\" alt=\"\" ><\/div>\n\t\t\t\t\t\t\t\t\t\t\t<div class=\"elementor-gallery-item__overlay\"><\/div>\n\t\t\t\t\t\t\t\t\t\t\t\t\t\t<\/a>\n\t\t\t\t\t\t\t<a class=\"e-gallery-item elementor-gallery-item elementor-animated-content\" href=\"https:\/\/roncodeitassi.it\/wp-content\/uploads\/2021\/01\/Vigna_Primavera-034.jpg\" data-elementor-open-lightbox=\"yes\" data-elementor-lightbox-slideshow=\"all-8d7bceb\" data-elementor-lightbox-title=\"Vigna_Primavera 034\" e-action-hash=\"#elementor-action%3Aaction%3Dlightbox%26settings%3DeyJpZCI6MjU1LCJ1cmwiOiJodHRwczpcL1wvcm9uY29kZWl0YXNzaS5pdFwvd3AtY29udGVudFwvdXBsb2Fkc1wvMjAyMVwvMDFcL1ZpZ25hX1ByaW1hdmVyYS0wMzQuanBnIiwic2xpZGVzaG93IjoiYWxsLThkN2JjZWIifQ%3D%3D\">\n\t\t\t\t\t<div class=\"e-gallery-image elementor-gallery-item__image\" data-thumbnail=\"https:\/\/roncodeitassi.it\/wp-content\/uploads\/2021\/01\/Vigna_Primavera-034.jpg\" data-width=\"800\" data-height=\"534\" alt=\"\" ><\/div>\n\t\t\t\t\t\t\t\t\t\t\t<div class=\"elementor-gallery-item__overlay\"><\/div>\n\t\t\t\t\t\t\t\t\t\t\t\t\t\t<\/a>\n\t\t\t\t\t\t\t<a class=\"e-gallery-item elementor-gallery-item elementor-animated-content\" href=\"https:\/\/roncodeitassi.it\/wp-content\/uploads\/2021\/01\/Vigna_Autunno-016.jpg\" data-elementor-open-lightbox=\"yes\" data-elementor-lightbox-slideshow=\"all-8d7bceb\" data-elementor-lightbox-title=\"Ronco dei Tassi\" e-action-hash=\"#elementor-action%3Aaction%3Dlightbox%26settings%3DeyJpZCI6MjU2LCJ1cmwiOiJodHRwczpcL1wvcm9uY29kZWl0YXNzaS5pdFwvd3AtY29udGVudFwvdXBsb2Fkc1wvMjAyMVwvMDFcL1ZpZ25hX0F1dHVubm8tMDE2LmpwZyIsInNsaWRlc2hvdyI6ImFsbC04ZDdiY2ViIn0%3D\">\n\t\t\t\t\t<div class=\"e-gallery-image elementor-gallery-item__image\" data-thumbnail=\"https:\/\/roncodeitassi.it\/wp-content\/uploads\/2021\/01\/Vigna_Autunno-016.jpg\" data-width=\"600\" data-height=\"401\" alt=\"\" ><\/div>\n\t\t\t\t\t\t\t\t\t\t\t<div class=\"elementor-gallery-item__overlay\"><\/div>\n\t\t\t\t\t\t\t\t\t\t\t\t\t\t<\/a>\n\t\t\t\t\t\t\t<a class=\"e-gallery-item elementor-gallery-item elementor-animated-content\" href=\"https:\/\/roncodeitassi.it\/wp-content\/uploads\/2021\/01\/Vigna_Autunno-023.jpg\" data-elementor-open-lightbox=\"yes\" data-elementor-lightbox-slideshow=\"all-8d7bceb\" data-elementor-lightbox-title=\"Ronco dei Tassi\" e-action-hash=\"#elementor-action%3Aaction%3Dlightbox%26settings%3DeyJpZCI6MjU3LCJ1cmwiOiJodHRwczpcL1wvcm9uY29kZWl0YXNzaS5pdFwvd3AtY29udGVudFwvdXBsb2Fkc1wvMjAyMVwvMDFcL1ZpZ25hX0F1dHVubm8tMDIzLmpwZyIsInNsaWRlc2hvdyI6ImFsbC04ZDdiY2ViIn0%3D\">\n\t\t\t\t\t<div class=\"e-gallery-image elementor-gallery-item__image\" data-thumbnail=\"https:\/\/roncodeitassi.it\/wp-content\/uploads\/2021\/01\/Vigna_Autunno-023.jpg\" data-width=\"600\" data-height=\"401\" alt=\"\" ><\/div>\n\t\t\t\t\t\t\t\t\t\t\t<div class=\"elementor-gallery-item__overlay\"><\/div>\n\t\t\t\t\t\t\t\t\t\t\t\t\t\t<\/a>\n\t\t\t\t\t\t\t<a class=\"e-gallery-item elementor-gallery-item elementor-animated-content\" href=\"https:\/\/roncodeitassi.it\/wp-content\/uploads\/2021\/01\/Vigna_Autunno-097.jpg\" data-elementor-open-lightbox=\"yes\" data-elementor-lightbox-slideshow=\"all-8d7bceb\" data-elementor-lightbox-title=\"Ronco dei Tassi\" e-action-hash=\"#elementor-action%3Aaction%3Dlightbox%26settings%3DeyJpZCI6MjU4LCJ1cmwiOiJodHRwczpcL1wvcm9uY29kZWl0YXNzaS5pdFwvd3AtY29udGVudFwvdXBsb2Fkc1wvMjAyMVwvMDFcL1ZpZ25hX0F1dHVubm8tMDk3LmpwZyIsInNsaWRlc2hvdyI6ImFsbC04ZDdiY2ViIn0%3D\">\n\t\t\t\t\t<div class=\"e-gallery-image elementor-gallery-item__image\" data-thumbnail=\"https:\/\/roncodeitassi.it\/wp-content\/uploads\/2021\/01\/Vigna_Autunno-097.jpg\" data-width=\"600\" data-height=\"401\" alt=\"\" ><\/div>\n\t\t\t\t\t\t\t\t\t\t\t<div class=\"elementor-gallery-item__overlay\"><\/div>\n\t\t\t\t\t\t\t\t\t\t\t\t\t\t<\/a>\n\t\t\t\t\t\t\t<a class=\"e-gallery-item elementor-gallery-item elementor-animated-content\" href=\"https:\/\/roncodeitassi.it\/wp-content\/uploads\/2021\/01\/Vigna_Autunno-153.jpg\" data-elementor-open-lightbox=\"yes\" data-elementor-lightbox-slideshow=\"all-8d7bceb\" data-elementor-lightbox-title=\"Vigna_Autunno 153\" e-action-hash=\"#elementor-action%3Aaction%3Dlightbox%26settings%3DeyJpZCI6MjU5LCJ1cmwiOiJodHRwczpcL1wvcm9uY29kZWl0YXNzaS5pdFwvd3AtY29udGVudFwvdXBsb2Fkc1wvMjAyMVwvMDFcL1ZpZ25hX0F1dHVubm8tMTUzLmpwZyIsInNsaWRlc2hvdyI6ImFsbC04ZDdiY2ViIn0%3D\">\n\t\t\t\t\t<div class=\"e-gallery-image elementor-gallery-item__image\" data-thumbnail=\"https:\/\/roncodeitassi.it\/wp-content\/uploads\/2021\/01\/Vigna_Autunno-153.jpg\" data-width=\"800\" data-height=\"534\" alt=\"\" ><\/div>\n\t\t\t\t\t\t\t\t\t\t\t<div class=\"elementor-gallery-item__overlay\"><\/div>\n\t\t\t\t\t\t\t\t\t\t\t\t\t\t<\/a>\n\t\t\t\t\t\t\t<a class=\"e-gallery-item elementor-gallery-item elementor-animated-content\" href=\"https:\/\/roncodeitassi.it\/wp-content\/uploads\/2021\/01\/Vigna_Ciliegi-110.jpg\" data-elementor-open-lightbox=\"yes\" data-elementor-lightbox-slideshow=\"all-8d7bceb\" data-elementor-lightbox-title=\"Vigna_Ciliegi 110\" e-action-hash=\"#elementor-action%3Aaction%3Dlightbox%26settings%3DeyJpZCI6MjYwLCJ1cmwiOiJodHRwczpcL1wvcm9uY29kZWl0YXNzaS5pdFwvd3AtY29udGVudFwvdXBsb2Fkc1wvMjAyMVwvMDFcL1ZpZ25hX0NpbGllZ2ktMTEwLmpwZyIsInNsaWRlc2hvdyI6ImFsbC04ZDdiY2ViIn0%3D\">\n\t\t\t\t\t<div class=\"e-gallery-image elementor-gallery-item__image\" data-thumbnail=\"https:\/\/roncodeitassi.it\/wp-content\/uploads\/2021\/01\/Vigna_Ciliegi-110.jpg\" data-width=\"800\" data-height=\"534\" alt=\"\" ><\/div>\n\t\t\t\t\t\t\t\t\t\t\t<div class=\"elementor-gallery-item__overlay\"><\/div>\n\t\t\t\t\t\t\t\t\t\t\t\t\t\t<\/a>\n\t\t\t\t\t\t\t<a class=\"e-gallery-item elementor-gallery-item elementor-animated-content\" href=\"https:\/\/roncodeitassi.it\/wp-content\/uploads\/2021\/01\/Vigna_Ciliegi-124.jpg\" data-elementor-open-lightbox=\"yes\" data-elementor-lightbox-slideshow=\"all-8d7bceb\" data-elementor-lightbox-title=\"Vigna_Ciliegi 124\" e-action-hash=\"#elementor-action%3Aaction%3Dlightbox%26settings%3DeyJpZCI6MjYxLCJ1cmwiOiJodHRwczpcL1wvcm9uY29kZWl0YXNzaS5pdFwvd3AtY29udGVudFwvdXBsb2Fkc1wvMjAyMVwvMDFcL1ZpZ25hX0NpbGllZ2ktMTI0LmpwZyIsInNsaWRlc2hvdyI6ImFsbC04ZDdiY2ViIn0%3D\">\n\t\t\t\t\t<div class=\"e-gallery-image elementor-gallery-item__image\" data-thumbnail=\"https:\/\/roncodeitassi.it\/wp-content\/uploads\/2021\/01\/Vigna_Ciliegi-124.jpg\" data-width=\"800\" data-height=\"534\" alt=\"\" ><\/div>\n\t\t\t\t\t\t\t\t\t\t\t<div class=\"elementor-gallery-item__overlay\"><\/div>\n\t\t\t\t\t\t\t\t\t\t\t\t\t\t<\/a>\n\t\t\t\t\t\t\t<a class=\"e-gallery-item elementor-gallery-item elementor-animated-content\" href=\"https:\/\/roncodeitassi.it\/wp-content\/uploads\/2021\/01\/Vigna_Estate_019.jpg\" data-elementor-open-lightbox=\"yes\" data-elementor-lightbox-slideshow=\"all-8d7bceb\" data-elementor-lightbox-title=\"Ronco dei Tassi\" e-action-hash=\"#elementor-action%3Aaction%3Dlightbox%26settings%3DeyJpZCI6MjYyLCJ1cmwiOiJodHRwczpcL1wvcm9uY29kZWl0YXNzaS5pdFwvd3AtY29udGVudFwvdXBsb2Fkc1wvMjAyMVwvMDFcL1ZpZ25hX0VzdGF0ZV8wMTkuanBnIiwic2xpZGVzaG93IjoiYWxsLThkN2JjZWIifQ%3D%3D\">\n\t\t\t\t\t<div class=\"e-gallery-image elementor-gallery-item__image\" data-thumbnail=\"https:\/\/roncodeitassi.it\/wp-content\/uploads\/2021\/01\/Vigna_Estate_019.jpg\" data-width=\"600\" data-height=\"401\" alt=\"\" ><\/div>\n\t\t\t\t\t\t\t\t\t\t\t<div class=\"elementor-gallery-item__overlay\"><\/div>\n\t\t\t\t\t\t\t\t\t\t\t\t\t\t<\/a>\n\t\t\t\t\t\t\t<a class=\"e-gallery-item elementor-gallery-item elementor-animated-content\" href=\"https:\/\/roncodeitassi.it\/wp-content\/uploads\/2021\/01\/Vigna_Estate_026.jpg\" data-elementor-open-lightbox=\"yes\" data-elementor-lightbox-slideshow=\"all-8d7bceb\" data-elementor-lightbox-title=\"Vigna_Estate_026\" e-action-hash=\"#elementor-action%3Aaction%3Dlightbox%26settings%3DeyJpZCI6MjYzLCJ1cmwiOiJodHRwczpcL1wvcm9uY29kZWl0YXNzaS5pdFwvd3AtY29udGVudFwvdXBsb2Fkc1wvMjAyMVwvMDFcL1ZpZ25hX0VzdGF0ZV8wMjYuanBnIiwic2xpZGVzaG93IjoiYWxsLThkN2JjZWIifQ%3D%3D\">\n\t\t\t\t\t<div class=\"e-gallery-image elementor-gallery-item__image\" data-thumbnail=\"https:\/\/roncodeitassi.it\/wp-content\/uploads\/2021\/01\/Vigna_Estate_026.jpg\" data-width=\"800\" data-height=\"534\" alt=\"\" ><\/div>\n\t\t\t\t\t\t\t\t\t\t\t<div class=\"elementor-gallery-item__overlay\"><\/div>\n\t\t\t\t\t\t\t\t\t\t\t\t\t\t<\/a>\n\t\t\t\t\t\t\t<a class=\"e-gallery-item elementor-gallery-item elementor-animated-content\" href=\"https:\/\/roncodeitassi.it\/wp-content\/uploads\/2021\/01\/Vigna_Estate_027.jpg\" data-elementor-open-lightbox=\"yes\" data-elementor-lightbox-slideshow=\"all-8d7bceb\" data-elementor-lightbox-title=\"Ronco dei Tassi\" e-action-hash=\"#elementor-action%3Aaction%3Dlightbox%26settings%3DeyJpZCI6MjY0LCJ1cmwiOiJodHRwczpcL1wvcm9uY29kZWl0YXNzaS5pdFwvd3AtY29udGVudFwvdXBsb2Fkc1wvMjAyMVwvMDFcL1ZpZ25hX0VzdGF0ZV8wMjcuanBnIiwic2xpZGVzaG93IjoiYWxsLThkN2JjZWIifQ%3D%3D\">\n\t\t\t\t\t<div class=\"e-gallery-image elementor-gallery-item__image\" data-thumbnail=\"https:\/\/roncodeitassi.it\/wp-content\/uploads\/2021\/01\/Vigna_Estate_027.jpg\" data-width=\"600\" data-height=\"401\" alt=\"\" ><\/div>\n\t\t\t\t\t\t\t\t\t\t\t<div class=\"elementor-gallery-item__overlay\"><\/div>\n\t\t\t\t\t\t\t\t\t\t\t\t\t\t<\/a>\n\t\t\t\t\t<\/div>\n\t\t\t<\/div>\n\t\t\t\t<\/div>\n\t\t\t\t\t\t<\/div>\n\t\t\t\t\t<\/div>\n\t\t<\/div>\n\t\t\t\t\t\t\t\t<\/div>\n\t\t\t\t\t<\/div>\n\t\t<\/section>\n\t\t\t\t\t\t\t\t\t<\/div>\n\t\t\t<\/div>\n\t\t\t\t\t<\/div>\n\t\t","protected":false},"excerpt":{"rendered":"<p>Das Terrain Ronco dei Tassi, ein Familien gef\u00fchrtes Unternehmen, in dem auch die beiden S\u00f6hne, Matteo und Enrico, aktiv t\u00e4tig.sind, erstreckt sich heute \u00fcber eine Fl\u00e4che von insgesamt 30 Hektar, wovon 18 ha f\u00fcr den Weinbau verwendet werden und der Rest aus W\u00e4ldern besteht. Dieses Verh\u00e4ltnis zwischen Rebfl\u00e4che und Wald, verbunden mit einer besonderen umweltfreundlichen [&hellip;]<\/p>\n","protected":false},"author":1,"featured_media":0,"parent":0,"menu_order":0,"comment_status":"closed","ping_status":"closed","template":"elementor_header_footer","meta":[],"_links":{"self":[{"href":"https:\/\/roncodeitassi.it\/de\/wp-json\/wp\/v2\/pages\/522"}],"collection":[{"href":"https:\/\/roncodeitassi.it\/de\/wp-json\/wp\/v2\/pages"}],"about":[{"href":"https:\/\/roncodeitassi.it\/de\/wp-json\/wp\/v2\/types\/page"}],"author":[{"embeddable":true,"href":"https:\/\/roncodeitassi.it\/de\/wp-json\/wp\/v2\/users\/1"}],"replies":[{"embeddable":true,"href":"https:\/\/roncodeitassi.it\/de\/wp-json\/wp\/v2\/comments?post=522"}],"version-history":[{"count":5,"href":"https:\/\/roncodeitassi.it\/de\/wp-json\/wp\/v2\/pages\/522\/revisions"}],"predecessor-version":[{"id":1051,"href":"https:\/\/roncodeitassi.it\/de\/wp-json\/wp\/v2\/pages\/522\/revisions\/1051"}],"wp:attachment":[{"href":"https:\/\/roncodeitassi.it\/de\/wp-json\/wp\/v2\/media?parent=522"}],"curies":[{"name":"wp","href":"https:\/\/api.w.org\/{rel}","templated":true}]}}