{"id":878,"date":"2021-11-12T01:00:48","date_gmt":"2021-11-12T00:00:48","guid":{"rendered":"https:\/\/roncodeitassi.it\/?page_id=878"},"modified":"2021-11-12T01:00:48","modified_gmt":"2021-11-12T00:00:48","slug":"family-collection","status":"publish","type":"page","link":"https:\/\/roncodeitassi.it\/en\/wine\/family-collection\/","title":{"rendered":"Family Collection"},"content":{"rendered":"\t\t<div data-elementor-type=\"wp-page\" data-elementor-id=\"878\" class=\"elementor elementor-878 elementor-876\">\n\t\t\t\t\t\t<div class=\"elementor-inner\">\n\t\t\t\t<div class=\"elementor-section-wrap\">\n\t\t\t\t\t\t\t\t\t<section class=\"elementor-section elementor-top-section elementor-element elementor-element-b8f5693 elementor-section-full_width elementor-section-height-default elementor-section-height-default\" data-id=\"b8f5693\" data-element_type=\"section\">\n\t\t\t\t\t\t<div class=\"elementor-container elementor-column-gap-default\">\n\t\t\t\t\t\t\t<div class=\"elementor-row\">\n\t\t\t\t\t<div class=\"elementor-column elementor-col-100 elementor-top-column elementor-element elementor-element-cc9b9ab\" data-id=\"cc9b9ab\" data-element_type=\"column\">\n\t\t\t<div class=\"elementor-column-wrap elementor-element-populated\">\n\t\t\t\t\t\t\t<div class=\"elementor-widget-wrap\">\n\t\t\t\t\t\t<div class=\"elementor-element elementor-element-125da80 elementor--h-position-center elementor--v-position-middle elementor-pagination-position-inside elementor-widget elementor-widget-slides\" data-id=\"125da80\" data-element_type=\"widget\" data-settings=\"{&quot;navigation&quot;:&quot;dots&quot;,&quot;transition&quot;:&quot;fade&quot;,&quot;transition_speed&quot;:1500,&quot;autoplay&quot;:&quot;yes&quot;,&quot;autoplay_speed&quot;:5000,&quot;infinite&quot;:&quot;yes&quot;}\" data-widget_type=\"slides.default\">\n\t\t\t\t<div class=\"elementor-widget-container\">\n\t\t\t\t\t<div class=\"elementor-swiper\">\n\t\t\t<div class=\"elementor-slides-wrapper elementor-main-swiper swiper-container\" dir=\"ltr\" data-animation=\"fadeInUp\">\n\t\t\t\t<div class=\"swiper-wrapper elementor-slides\">\n\t\t\t\t\t\t\t\t\t\t<div class=\"elementor-repeater-item-bce3db1 swiper-slide\"><div class=\"swiper-slide-bg elementor-ken-burns elementor-ken-burns--in\"><\/div><div class=\"swiper-slide-inner\" ><div class=\"swiper-slide-contents\"><\/div><\/div><\/div><div class=\"elementor-repeater-item-37e41b6 swiper-slide\"><div class=\"swiper-slide-bg elementor-ken-burns elementor-ken-burns--in\"><\/div><div class=\"swiper-slide-inner\" ><div class=\"swiper-slide-contents\"><\/div><\/div><\/div>\t\t\t\t<\/div>\n\t\t\t\t\t\t\t\t\t\t\t\t\t\t\t<div class=\"swiper-pagination\"><\/div>\n\t\t\t\t\t\t\t\t\t\t\t\t\t\t\t\t\t<\/div>\n\t\t<\/div>\n\t\t\t\t<\/div>\n\t\t\t\t<\/div>\n\t\t\t\t\t\t<\/div>\n\t\t\t\t\t<\/div>\n\t\t<\/div>\n\t\t\t\t\t\t\t\t<\/div>\n\t\t\t\t\t<\/div>\n\t\t<\/section>\n\t\t\t\t<section class=\"elementor-section elementor-top-section elementor-element elementor-element-622dd6a elementor-section-full_width elementor-section-height-default elementor-section-height-default\" data-id=\"622dd6a\" data-element_type=\"section\">\n\t\t\t\t\t\t<div class=\"elementor-container elementor-column-gap-default\">\n\t\t\t\t\t\t\t<div class=\"elementor-row\">\n\t\t\t\t\t<div class=\"elementor-column elementor-col-100 elementor-top-column elementor-element elementor-element-775805a\" data-id=\"775805a\" data-element_type=\"column\">\n\t\t\t<div class=\"elementor-column-wrap elementor-element-populated\">\n\t\t\t\t\t\t\t<div class=\"elementor-widget-wrap\">\n\t\t\t\t\t\t<div class=\"elementor-element elementor-element-8d55673 elementor-widget elementor-widget-heading\" data-id=\"8d55673\" data-element_type=\"widget\" data-widget_type=\"heading.default\">\n\t\t\t\t<div class=\"elementor-widget-container\">\n\t\t\t<h2 class=\"elementor-heading-title elementor-size-default\">Family Collection<\/h2>\t\t<\/div>\n\t\t\t\t<\/div>\n\t\t\t\t<div class=\"elementor-element elementor-element-4721637 elementor-widget-divider--view-line elementor-widget elementor-widget-divider\" data-id=\"4721637\" data-element_type=\"widget\" data-widget_type=\"divider.default\">\n\t\t\t\t<div class=\"elementor-widget-container\">\n\t\t\t\t\t<div class=\"elementor-divider\">\n\t\t\t<span class=\"elementor-divider-separator\">\n\t\t\t\t\t\t<\/span>\n\t\t<\/div>\n\t\t\t\t<\/div>\n\t\t\t\t<\/div>\n\t\t\t\t<section class=\"elementor-section elementor-inner-section elementor-element elementor-element-59f8572 elementor-section-boxed elementor-section-height-default elementor-section-height-default\" data-id=\"59f8572\" data-element_type=\"section\">\n\t\t\t\t\t\t<div class=\"elementor-container elementor-column-gap-default\">\n\t\t\t\t\t\t\t<div class=\"elementor-row\">\n\t\t\t\t\t<div class=\"elementor-column elementor-col-50 elementor-inner-column elementor-element elementor-element-4f27f2a\" data-id=\"4f27f2a\" data-element_type=\"column\">\n\t\t\t<div class=\"elementor-column-wrap elementor-element-populated\">\n\t\t\t\t\t\t\t<div class=\"elementor-widget-wrap\">\n\t\t\t\t\t\t<div class=\"elementor-element elementor-element-35ae46b elementor-flip-box--direction-left elementor-flip-box--effect-flip elementor-widget elementor-widget-flip-box\" data-id=\"35ae46b\" data-element_type=\"widget\" data-widget_type=\"flip-box.default\">\n\t\t\t\t<div class=\"elementor-widget-container\">\n\t\t\t\t\t<div class=\"elementor-flip-box\">\n\t\t\t<div class=\"elementor-flip-box__layer elementor-flip-box__front\">\n\t\t\t\t<div class=\"elementor-flip-box__layer__overlay\">\n\t\t\t\t\t<div class=\"elementor-flip-box__layer__inner\">\n\t\t\t\t\t\t\n\t\t\t\t\t\t\n\t\t\t\t\t\t\t\t\t\t\t<\/div>\n\t\t\t\t<\/div>\n\t\t\t<\/div>\n\t\t\t<div class=\"elementor-flip-box__layer elementor-flip-box__back\">\n\t\t\t<div class=\"elementor-flip-box__layer__overlay\">\n\t\t\t\t<div class=\"elementor-flip-box__layer__inner\">\n\t\t\t\t\t\n\t\t\t\t\t\n\t\t\t\t\t\t\t\t<\/div>\n\t\t<\/div>\n\t\t<\/div>\n\t\t<\/div>\n\t\t\t\t<\/div>\n\t\t\t\t<\/div>\n\t\t\t\t<div class=\"elementor-element elementor-element-77afd02 elementor-widget elementor-widget-text-editor\" data-id=\"77afd02\" data-element_type=\"widget\" data-widget_type=\"text-editor.default\">\n\t\t\t\t<div class=\"elementor-widget-container\">\n\t\t\t\t\t\t\t\t<div class=\"elementor-text-editor elementor-clearfix\">\n\t\t\t\t<p>Malvasia<\/p>\n\t\t\t\t\t<\/div>\n\t\t\t\t\t\t<\/div>\n\t\t\t\t<\/div>\n\t\t\t\t\t\t<\/div>\n\t\t\t\t\t<\/div>\n\t\t<\/div>\n\t\t\t\t<div class=\"elementor-column elementor-col-50 elementor-inner-column elementor-element elementor-element-dc86696\" data-id=\"dc86696\" data-element_type=\"column\">\n\t\t\t<div class=\"elementor-column-wrap elementor-element-populated\">\n\t\t\t\t\t\t\t<div class=\"elementor-widget-wrap\">\n\t\t\t\t\t\t<div class=\"elementor-element elementor-element-2c204ff elementor-widget elementor-widget-text-editor\" data-id=\"2c204ff\" data-element_type=\"widget\" data-widget_type=\"text-editor.default\">\n\t\t\t\t<div class=\"elementor-widget-container\">\n\t\t\t\t\t\t\t\t<div class=\"elementor-text-editor elementor-clearfix\">\n\t\t\t\t<p>Pinot Grigio<\/p>\n\t\t\t\t\t<\/div>\n\t\t\t\t\t\t<\/div>\n\t\t\t\t<\/div>\n\t\t\t\t<div class=\"elementor-element elementor-element-9266198 elementor-widget elementor-widget-text-editor\" data-id=\"9266198\" data-element_type=\"widget\" data-widget_type=\"text-editor.default\">\n\t\t\t\t<div class=\"elementor-widget-container\">\n\t\t\t\t\t\t\t\t<div class=\"elementor-text-editor elementor-clearfix\">\n\t\t\t\t<p><strong>Cenni storici<\/strong>: Nella grande famiglia delle malvasie, quella istriana, detta anche friulana, occupa una posizione di prestigio, pi\u00f9 qualitativa che quantitativa. L\u2019origine di questo vitigno, o meglio della famiglia, \u00e8 alquanto strana e incerta. Si ritiene siano stati i mercanti veneziani nel 1300, durante il dominio della loro Repubblica, a portare dal Peloponneso e piantare questo vitigno lungo tutto il litorale adriatico, dalla Dalmazia all\u2019Istria fino ad arrivare alle colline carsiche del golfo di Trieste e a quelle eoceniche del Friuli orientale<\/p>\n<p><strong>Terreno<\/strong>: Per esprimere al meglio il suo potenziale qualitativo ha necessariamente bisogno di terreni adatti, poveri di sostanza organica ma ricchi di sali minerali. Le nostre colline del Collio di origine eocenica, costituite prevalentemente di marne e arenarie, e un microclima favorevole influenzato anche dalla vicinanza al mare, rendono il nostro territorio fra i pi\u00f9 adatti per evidenziare le migliori caratteristiche qualitative di questa variet\u00e0<\/p>\n<p><strong>Et\u00e0 vigneto<\/strong>: Vigneto di oltre 70 anni allevato a Cappuccina (Doppio Capovolto) con una densit\u00e0 d\u2019impianto di 4.000 viti per ettaro<\/p>\n<p><strong>Esposizione del vigneto<\/strong>: Sud\/sud-est<\/p>\n<p><strong>Vigneto di selezione<\/strong>: Situato nelle zone pi\u00f9 alte e ben esposte del monte Quarin a Cormons<\/p>\n<p><strong>Resa<\/strong>: Mediamente 60 qli\/ettaro<\/p>\n<p><strong>Vendemmia<\/strong>: Effettuata a mano nell\u2019ultima decade di settembre<\/p>\n<p><strong>Vinificazione<\/strong>: L&#8217;uva viene pigiata, diraspata e messa a fermentare con le bucce per circa 7 giorni a temperatura controllata. Una volta svinata, continua la fermentazione in tonneau in rovere<\/p>\n<p><strong>Affinamento<\/strong>: Finita la fermentazione, il vino ottenuto rimane ad affinare sulle fecce nobili in tonneau di rovere da 500 lt per 12 mesi<\/p>\n<p><strong>Dati analitici<\/strong>: Gradazione alcolica: 14 % vol. &#8211; Acidit\u00e0 totale: 5,1 g\/l &#8211; Zuccheri riduttori: 1,8 g\/l &#8211; Estratto secco netto: 25 g\/l<\/p>\n<p><strong>Note di degustazione<\/strong>: Il colore \u00e8 giallo dorato brillante. Il profumo elegante e leggermente aromatico. Particolari e ricercate note speziate che ricordano la cannella e la noce moscata, vanno ad impreziosire un bouquet ampio e complesso, floreale e fruttato (albicocca e pesca) oltre che a sentori di frutta candita. Al palato \u00e8 intenso, lungo e persistente con grande sapidit\u00e0 e ricchezza nel retrogusto. Si abbina bene con antipasti, minestre, primi piatti, ma soprattutto piatti di pesce. In particolare, crostacei e pesci al forno con pomodori e patate.<\/p>\n\t\t\t\t\t<\/div>\n\t\t\t\t\t\t<\/div>\n\t\t\t\t<\/div>\n\t\t\t\t\t\t<\/div>\n\t\t\t\t\t<\/div>\n\t\t<\/div>\n\t\t\t\t\t\t\t\t<\/div>\n\t\t\t\t\t<\/div>\n\t\t<\/section>\n\t\t\t\t<div class=\"elementor-element elementor-element-0d72e7e elementor-widget elementor-widget-spacer\" data-id=\"0d72e7e\" data-element_type=\"widget\" data-widget_type=\"spacer.default\">\n\t\t\t\t<div class=\"elementor-widget-container\">\n\t\t\t\t\t<div class=\"elementor-spacer\">\n\t\t\t<div class=\"elementor-spacer-inner\"><\/div>\n\t\t<\/div>\n\t\t\t\t<\/div>\n\t\t\t\t<\/div>\n\t\t\t\t<section class=\"elementor-section elementor-inner-section elementor-element elementor-element-4efbb85 elementor-section-boxed elementor-section-height-default elementor-section-height-default\" data-id=\"4efbb85\" data-element_type=\"section\">\n\t\t\t\t\t\t<div class=\"elementor-container elementor-column-gap-default\">\n\t\t\t\t\t\t\t<div class=\"elementor-row\">\n\t\t\t\t\t<div class=\"elementor-column elementor-col-50 elementor-inner-column elementor-element elementor-element-85e3ac6\" data-id=\"85e3ac6\" data-element_type=\"column\">\n\t\t\t<div class=\"elementor-column-wrap elementor-element-populated\">\n\t\t\t\t\t\t\t<div class=\"elementor-widget-wrap\">\n\t\t\t\t\t\t<div class=\"elementor-element elementor-element-e2259a5 elementor-flip-box--direction-left elementor-flip-box--effect-flip elementor-widget elementor-widget-flip-box\" data-id=\"e2259a5\" data-element_type=\"widget\" data-widget_type=\"flip-box.default\">\n\t\t\t\t<div class=\"elementor-widget-container\">\n\t\t\t\t\t<div class=\"elementor-flip-box\">\n\t\t\t<div class=\"elementor-flip-box__layer elementor-flip-box__front\">\n\t\t\t\t<div class=\"elementor-flip-box__layer__overlay\">\n\t\t\t\t\t<div class=\"elementor-flip-box__layer__inner\">\n\t\t\t\t\t\t\n\t\t\t\t\t\t\n\t\t\t\t\t\t\t\t\t\t\t<\/div>\n\t\t\t\t<\/div>\n\t\t\t<\/div>\n\t\t\t<div class=\"elementor-flip-box__layer elementor-flip-box__back\">\n\t\t\t<div class=\"elementor-flip-box__layer__overlay\">\n\t\t\t\t<div class=\"elementor-flip-box__layer__inner\">\n\t\t\t\t\t\n\t\t\t\t\t\n\t\t\t\t\t\t\t\t<\/div>\n\t\t<\/div>\n\t\t<\/div>\n\t\t<\/div>\n\t\t\t\t<\/div>\n\t\t\t\t<\/div>\n\t\t\t\t<div class=\"elementor-element elementor-element-d5ec456 elementor-widget elementor-widget-text-editor\" data-id=\"d5ec456\" data-element_type=\"widget\" data-widget_type=\"text-editor.default\">\n\t\t\t\t<div class=\"elementor-widget-container\">\n\t\t\t\t\t\t\t\t<div class=\"elementor-text-editor elementor-clearfix\">\n\t\t\t\t<p>Madame Sauvignon<\/p>\n\t\t\t\t\t<\/div>\n\t\t\t\t\t\t<\/div>\n\t\t\t\t<\/div>\n\t\t\t\t\t\t<\/div>\n\t\t\t\t\t<\/div>\n\t\t<\/div>\n\t\t\t\t<div class=\"elementor-column elementor-col-50 elementor-inner-column elementor-element elementor-element-4316dee\" data-id=\"4316dee\" data-element_type=\"column\">\n\t\t\t<div class=\"elementor-column-wrap elementor-element-populated\">\n\t\t\t\t\t\t\t<div class=\"elementor-widget-wrap\">\n\t\t\t\t\t\t<div class=\"elementor-element elementor-element-471fe9a elementor-widget elementor-widget-text-editor\" data-id=\"471fe9a\" data-element_type=\"widget\" data-widget_type=\"text-editor.default\">\n\t\t\t\t<div class=\"elementor-widget-container\">\n\t\t\t\t\t\t\t\t<div class=\"elementor-text-editor elementor-clearfix\">\n\t\t\t\t<p>Madame Sauvignon 2020 &#8211; IGP VENEZIA GIULIA<\/p>\n\t\t\t\t\t<\/div>\n\t\t\t\t\t\t<\/div>\n\t\t\t\t<\/div>\n\t\t\t\t<div class=\"elementor-element elementor-element-7241fce elementor-widget elementor-widget-text-editor\" data-id=\"7241fce\" data-element_type=\"widget\" data-widget_type=\"text-editor.default\">\n\t\t\t\t<div class=\"elementor-widget-container\">\n\t\t\t\t\t\t\t\t<div class=\"elementor-text-editor elementor-clearfix\">\n\t\t\t\t<p><strong>Cenni storici<\/strong>: Il Sauvignon \u00e8 originario della Gironda, nel bordolese della Francia, nella zona dei Sauternes. \u00c8 presente in Friuli Venezia Giulia dal 1800, dove \u00e8 stato coltivato e prodotto quasi esclusivamente sulle colline del Collio e dei Colli Orientali.<\/p>\n<p><strong>Terreno<\/strong>: Per esprimere al meglio il suo potenziale qualitativo, il Sauvignon ha necessariamente bisogno di terreni adatti, accompagnati da una esposizione che garantisca un microclima fresco e ventilato. Le nostre colline del Collio di origine eocenica, costituite prevalentemente di marne e arenarie, la vicinanza al mare e i boschi che circondano le vigne, rendono questo territorio fra i pi\u00f9 adatti per esaltare, in modo originale, le caratteristiche qualitative di questa variet\u00e0<\/p>\n<p><strong>Et\u00e0 vigneto<\/strong>: Vigneto di oltre 40 anni allevato a Guyot con una densit\u00e0 di impianto di 4.000 piante per ettaro<\/p>\n<p><strong>Esposizione del vigneto<\/strong>: Est<\/p>\n<p><strong>Vigneto di selezione<\/strong>: Situato nelle zone pi\u00f9 alte ed esposte a est del monte Quarin e delle colline circostanti il paese di Cormons.<\/p>\n<p><strong>Resa<\/strong>: Mediamente 70 qli\/ettaro<\/p>\n<p><strong>Vendemmia<\/strong>: Effettuata a mano nella prima settimana di settembre<\/p>\n<p><strong>Vinificazione<\/strong>: L&#8217;uva viene pigiata, diraspata e messa a macerare per circa 18 ore a 10\u00b0 C. Il mosto ottenuto dalla pressatura soffice viene decantato staticamente per un giorno e dopo la separazione dalla parte solida, fatto fermentare a 16\/17\u00b0 C<\/p>\n<p><strong>Affinamento<\/strong>: Dopo il travaso di fine fermentazione, il vino ottenuto rimane sulle fecce nobili ed affina in tonneau di rovere per 5 mesi<\/p>\n<p><strong>Dati analitici<\/strong>: Gradazione alcolica: 14 % vol. &#8211; Acidit\u00e0 totale: 5,6 g\/l &#8211; Zuccheri riduttori: 1,6 g\/l &#8211; Estratto secco netto: 23 g\/l<\/p>\n<p><strong>Note di degustazione<\/strong>: Il colore \u00e8 giallo paglierino brillante con leggeri riflessi verdognoli. Il profumo \u00e8 aromatico ma non stucchevole. Elegante e complesso con note di frutta tropicale (mango e frutto della passione) ma anche pesca bianca e sentori di salvia e fiori di sambuco. Il sapore non delude l\u2019aspettativa che questo vino promette al naso. L\u2019ingresso \u00e8 morbido ed equilibrato, sapore asciutto e fresco che evidenzia e conferma le sensazioni avvertite all\u2019olfatto. Finale lungo e persistente dove spicca la sapidit\u00e0 e la nota varietale di provenienza. \u00c8 un vino da antipasti al prosciutto, primi piatti con zucchine o asparagi, crostacei e piatti di pesce con salsa.<\/p>\n\t\t\t\t\t<\/div>\n\t\t\t\t\t\t<\/div>\n\t\t\t\t<\/div>\n\t\t\t\t\t\t<\/div>\n\t\t\t\t\t<\/div>\n\t\t<\/div>\n\t\t\t\t\t\t\t\t<\/div>\n\t\t\t\t\t<\/div>\n\t\t<\/section>\n\t\t\t\t<div class=\"elementor-element elementor-element-47faaca elementor-widget elementor-widget-spacer\" data-id=\"47faaca\" data-element_type=\"widget\" data-widget_type=\"spacer.default\">\n\t\t\t\t<div class=\"elementor-widget-container\">\n\t\t\t\t\t<div class=\"elementor-spacer\">\n\t\t\t<div class=\"elementor-spacer-inner\"><\/div>\n\t\t<\/div>\n\t\t\t\t<\/div>\n\t\t\t\t<\/div>\n\t\t\t\t<section class=\"elementor-section elementor-inner-section elementor-element elementor-element-87d89b0 elementor-section-boxed elementor-section-height-default elementor-section-height-default\" data-id=\"87d89b0\" data-element_type=\"section\">\n\t\t\t\t\t\t<div class=\"elementor-container elementor-column-gap-default\">\n\t\t\t\t\t\t\t<div class=\"elementor-row\">\n\t\t\t\t\t<div class=\"elementor-column elementor-col-50 elementor-inner-column elementor-element elementor-element-0cc0462\" data-id=\"0cc0462\" data-element_type=\"column\">\n\t\t\t<div class=\"elementor-column-wrap elementor-element-populated\">\n\t\t\t\t\t\t\t<div class=\"elementor-widget-wrap\">\n\t\t\t\t\t\t<div class=\"elementor-element elementor-element-b748be7 elementor-flip-box--direction-left elementor-flip-box--effect-flip elementor-widget elementor-widget-flip-box\" data-id=\"b748be7\" data-element_type=\"widget\" data-widget_type=\"flip-box.default\">\n\t\t\t\t<div class=\"elementor-widget-container\">\n\t\t\t\t\t<div class=\"elementor-flip-box\">\n\t\t\t<div class=\"elementor-flip-box__layer elementor-flip-box__front\">\n\t\t\t\t<div class=\"elementor-flip-box__layer__overlay\">\n\t\t\t\t\t<div class=\"elementor-flip-box__layer__inner\">\n\t\t\t\t\t\t\n\t\t\t\t\t\t\n\t\t\t\t\t\t\t\t\t\t\t<\/div>\n\t\t\t\t<\/div>\n\t\t\t<\/div>\n\t\t\t<div class=\"elementor-flip-box__layer elementor-flip-box__back\">\n\t\t\t<div class=\"elementor-flip-box__layer__overlay\">\n\t\t\t\t<div class=\"elementor-flip-box__layer__inner\">\n\t\t\t\t\t\n\t\t\t\t\t\n\t\t\t\t\t\t\t\t<\/div>\n\t\t<\/div>\n\t\t<\/div>\n\t\t<\/div>\n\t\t\t\t<\/div>\n\t\t\t\t<\/div>\n\t\t\t\t<div class=\"elementor-element elementor-element-85bd7a7 elementor-widget elementor-widget-text-editor\" data-id=\"85bd7a7\" data-element_type=\"widget\" data-widget_type=\"text-editor.default\">\n\t\t\t\t<div class=\"elementor-widget-container\">\n\t\t\t\t\t\t\t\t<div class=\"elementor-text-editor elementor-clearfix\">\n\t\t\t\t<p>Pinot Bianco<\/p>\n\t\t\t\t\t<\/div>\n\t\t\t\t\t\t<\/div>\n\t\t\t\t<\/div>\n\t\t\t\t\t\t<\/div>\n\t\t\t\t\t<\/div>\n\t\t<\/div>\n\t\t\t\t<div class=\"elementor-column elementor-col-50 elementor-inner-column elementor-element elementor-element-58769cd\" data-id=\"58769cd\" data-element_type=\"column\">\n\t\t\t<div class=\"elementor-column-wrap elementor-element-populated\">\n\t\t\t\t\t\t\t<div class=\"elementor-widget-wrap\">\n\t\t\t\t\t\t<div class=\"elementor-element elementor-element-4d37532 elementor-widget elementor-widget-text-editor\" data-id=\"4d37532\" data-element_type=\"widget\" data-widget_type=\"text-editor.default\">\n\t\t\t\t<div class=\"elementor-widget-container\">\n\t\t\t\t\t\t\t\t<div class=\"elementor-text-editor elementor-clearfix\">\n\t\t\t\t<p>Pinot Bianco 2019 &#8211; IGP VENEZIA GIULIA<\/p>\n\t\t\t\t\t<\/div>\n\t\t\t\t\t\t<\/div>\n\t\t\t\t<\/div>\n\t\t\t\t<div class=\"elementor-element elementor-element-167ee40 elementor-widget elementor-widget-text-editor\" data-id=\"167ee40\" data-element_type=\"widget\" data-widget_type=\"text-editor.default\">\n\t\t\t\t<div class=\"elementor-widget-container\">\n\t\t\t\t\t\t\t\t<div class=\"elementor-text-editor elementor-clearfix\">\n\t\t\t\t<p><strong>Cenni storici<\/strong>: L\u2019arrivo delle prime barbatelle di Pinot bianco nel Collio Goriziano (allora Friuli Austriaco) si deve al Conte La Tour di Capriva, alla fine del XIX secolo. I vecchi lo chiamano ancora Borgogna bianco, com\u2019era presentato nel catalogo del 1863, con questa annotazione: \u201cvariet\u00e0 coltivata a Lestizza da pi\u00f9 di 20 anni, il cui frutto d\u00e0 vino squisito\u201d. Oggi \u00e8 tra i simboli del Collio.<\/p>\n<p><strong>Terreno<\/strong>: Per esprimere al meglio il suo potenziale qualitativo ha necessariamente bisogno di terreni adatti e vocati alla coltivazione della vite. Le nostre colline del Collio di origine eocenica, costituite prevalentemente di marne e arenarie, sono i suoli pi\u00f9 adatti per evidenziare le migliori caratteristiche qualitative di questa variet\u00e0.<\/p>\n<p><strong>Et\u00e0 vigneto<\/strong>: 30 anni, allevato a Guyot con un investimento di oltre 5.000 piante per ettaro<\/p>\n<p><strong>Esposizione del vigneto<\/strong>: Sud\/Sud-Est<\/p>\n<p><strong>Vigneto di selezione<\/strong>: Situato nelle zone pi\u00f9 alte e ben esposte del monte Quarin e delle colline circostanti il paese di Cormons<\/p>\n<p><strong>Resa<\/strong>: Mediamente sugli 70 qli\/ettaro<\/p>\n<p><strong>Vendemmia<\/strong>: Effettuata a mano nella prima decade di settembre<\/p>\n<p><strong>Vinificazione<\/strong>: L&#8217;uva viene pigiata, diraspata e messa in pressa pneumatica, dove \u00e8 spremuta in maniera soffice. Il mosto ottenuto viene raffreddato e decantato staticamente, onde separare la parte pi\u00f9 limpida dal sedimento feccioso. La fermentazione alcolica avviene in barrique di rovere da 225 lt<\/p>\n<p><strong>Affinamento<\/strong>: A fine fermentazione, il vino ottenuto rimane sulle fecce nobili e continua il suo affinamento in legno per 12 mesi<\/p>\n<p><strong>Dati analitici<\/strong>: Gradazione alcolica: 14 % vol. &#8211; Acidit\u00e0 totale: 5,2 g\/l &#8211; Zuccheri riduttori: 2 g\/l &#8211; Estratto secco netto: 21 g\/l<\/p>\n<p><strong>Note di degustazione<\/strong>: Il colore \u00e8 giallo paglierino intenso. \u00c8 un bouquet assai variegato e ricco di sfaccettature quello che si coglie in questo vino, con note fruttate di pesca bianca, pera e mela, ma anche con aromi di gelatina di cotogne e fiori, cui si affiancano note minerali di pietra focaia. La combinazione tra le componenti gustative fruttate, aromatiche e salate si ripropone anche al palato. La struttura compatta con una cremosit\u00e0 elegante si fonde in\u00a0un retrogusto molto aromatico, persistente e spiccatamente minerale. Ottimo come aperitivo, si abbina bene con antipasti, minestre e zuppe, ma soprattutto con piatti a base di pesce.<\/p>\n\t\t\t\t\t<\/div>\n\t\t\t\t\t\t<\/div>\n\t\t\t\t<\/div>\n\t\t\t\t\t\t<\/div>\n\t\t\t\t\t<\/div>\n\t\t<\/div>\n\t\t\t\t\t\t\t\t<\/div>\n\t\t\t\t\t<\/div>\n\t\t<\/section>\n\t\t\t\t\t\t<\/div>\n\t\t\t\t\t<\/div>\n\t\t<\/div>\n\t\t\t\t\t\t\t\t<\/div>\n\t\t\t\t\t<\/div>\n\t\t<\/section>\n\t\t\t\t\t\t\t\t\t<\/div>\n\t\t\t<\/div>\n\t\t\t\t\t<\/div>\n\t\t","protected":false},"excerpt":{"rendered":"<p>Family Collection Malvasia Pinot Grigio Cenni storici: Nella grande famiglia delle malvasie, quella istriana, detta anche friulana, occupa una posizione di prestigio, pi\u00f9 qualitativa che quantitativa. L\u2019origine di questo vitigno, o meglio della famiglia, \u00e8 alquanto strana e incerta. Si ritiene siano stati i mercanti veneziani nel 1300, durante il dominio della loro Repubblica, a [&hellip;]<\/p>\n","protected":false},"author":1,"featured_media":0,"parent":560,"menu_order":0,"comment_status":"closed","ping_status":"closed","template":"elementor_header_footer","meta":[],"_links":{"self":[{"href":"https:\/\/roncodeitassi.it\/en\/wp-json\/wp\/v2\/pages\/878"}],"collection":[{"href":"https:\/\/roncodeitassi.it\/en\/wp-json\/wp\/v2\/pages"}],"about":[{"href":"https:\/\/roncodeitassi.it\/en\/wp-json\/wp\/v2\/types\/page"}],"author":[{"embeddable":true,"href":"https:\/\/roncodeitassi.it\/en\/wp-json\/wp\/v2\/users\/1"}],"replies":[{"embeddable":true,"href":"https:\/\/roncodeitassi.it\/en\/wp-json\/wp\/v2\/comments?post=878"}],"version-history":[{"count":3,"href":"https:\/\/roncodeitassi.it\/en\/wp-json\/wp\/v2\/pages\/878\/revisions"}],"predecessor-version":[{"id":907,"href":"https:\/\/roncodeitassi.it\/en\/wp-json\/wp\/v2\/pages\/878\/revisions\/907"}],"up":[{"embeddable":true,"href":"https:\/\/roncodeitassi.it\/en\/wp-json\/wp\/v2\/pages\/560"}],"wp:attachment":[{"href":"https:\/\/roncodeitassi.it\/en\/wp-json\/wp\/v2\/media?parent=878"}],"curies":[{"name":"wp","href":"https:\/\/api.w.org\/{rel}","templated":true}]}}